{"id":3,"date":"2023-08-24T07:45:53","date_gmt":"2023-08-24T07:45:53","guid":{"rendered":"https:\/\/drums-cool.de\/?page_id=3"},"modified":"2024-04-20T14:03:26","modified_gmt":"2024-04-20T14:03:26","slug":"privacy-policy","status":"publish","type":"page","link":"https:\/\/drums-cool.de\/?page_id=3","title":{"rendered":"Datenschutzerkl\u00e4rung"},"content":{"rendered":"\n<h2 class=\"wp-block-heading\">Impressum und Haftungsausschluss<\/h2>\n\n\n\n<pre class=\"wp-block-preformatted\"><strong>Angaben gem\u00e4\u00df Paragraph f\u00fcnf TMG<\/strong><br>Diensteanbieter:<br>Konrad Poschenrieder<br>Schlagzeugschule<br>Wippenhauser Stra\u00dfe 40<br>85402 Kranzberg<br><br><strong>Kontaktm\u00f6glichkeiten<\/strong><br>Telefon +4915150118316 E-Mail: Drums-cool@web.de<br>https:\/\/www.drums-cool.de.<br><br><strong>Angaben zum Unternehmen<\/strong><br>Umsatzsteuer Identifikationsnummer, UST-ID 215\/259\/21052<br><br><strong>Social Media und andere online Pr\u00e4senzen<\/strong><br>derzeit noch keine Social Media und andere online online Pr\u00e4senzen vorhanden.<br><br>Haftung und Schutzrecht<br>Hinweise und Links auf fremde Webseiten, die Inhalte fremder Webseiten, auf die wir direkt oder indirekt verweisen, liegen au\u00dferhalb unseres Verantwortungsbereichs und wir machen es uns nicht zu eigen. F\u00fcr alle Inhalte und Nachteile, die aus der Nutzung, der in den verlinkte Webseiten auf buchbaren Informationen stehen, \u00fcbernehmen wir keine Verantwortung.<br><br><strong>Urheberrechte und Markenrechte<\/strong><br>alle auf dieser Website dargestellten Inhalte wie Texte, Fotografien, Grafiken, Marken und Wahrzeichen sind durch die jeweiligen Schutzrechte, Urheberrechte und Markenrechte gesch\u00fctzt. Die Verwendung, Vervielf\u00e4ltigung, und so weiter unterliegen unseren Rechten oder den Rechten der jeweiligen Urheber beziehungsweise Rechteinhaber<br><br><strong>Hinweise auf Rechtsverst\u00f6\u00dfe<\/strong><br>sollten Sie innerhalb unseres Internetauftritt Rechtsverst\u00f6\u00dfe bemerken, bitten wir Sie uns diese auf darauf hinzuweisen. Wir werden rechtswidrige Inhalte und links nach Kenntnisnahme unverz\u00fcglich entfernen.<\/pre>\n\n\n\n<h2 class=\"wp-block-heading\">Kommentare<\/h2>\n\n\n\n<pre class=\"wp-block-preformatted\">Wenn Besucher Kommentare auf der Website hinterlassen, sammeln wir die Daten, die im Kommentarformular angezeigt werden, sowie die IP-Adresse und den Browser-Benutzer-Agent-String des Besuchers, um die Spam-Erkennung zu unterst\u00fctzen.<\/pre>\n\n\n\n<h2 class=\"wp-block-heading\">Cookies<\/h2>\n\n\n\n<pre class=\"wp-block-preformatted\">Diese Website verwendet keine Cookies. Es werden keine pers\u00f6nlichen Daten gespeichert.<\/pre>\n\n\n\n<p><\/p>\n","protected":false},"excerpt":{"rendered":"<p>Impressum und Haftungsausschluss Angaben gem\u00e4\u00df Paragraph f\u00fcnf TMGDiensteanbieter:Konrad PoschenriederSchlagzeugschuleWippenhauser Stra\u00dfe 4085402 KranzbergKontaktm\u00f6glichkeitenTelefon +4915150118316 E-Mail: Drums-cool@web.dehttps:\/\/www.drums-cool.de.Angaben zum UnternehmenUmsatzsteuer Identifikationsnummer, UST-ID 215\/259\/21052Social Media und andere online Pr\u00e4senzenderzeit noch keine Social Media und andere online online Pr\u00e4senzen vorhanden.Haftung&hellip; <\/p>\n<p><a class=\"more-link\" href=\"https:\/\/drums-cool.de\/?page_id=3\">Datenschutzerkl\u00e4rung weiterlesen<\/a><\/p>\n","protected":false},"author":1,"featured_media":0,"parent":0,"menu_order":0,"comment_status":"closed","ping_status":"closed","template":"","meta":{"footnotes":""},"class_list":["post-3","page","type-page","status-publish","hentry"],"yoast_head":"<!-- This site is optimized with the Yoast SEO plugin v23.4 - https:\/\/yoast.com\/wordpress\/plugins\/seo\/ -->\n<title>Datenschutzerkl\u00e4rung -<\/title>\n<meta name=\"robots\" content=\"index, follow, max-snippet:-1, max-image-preview:large, max-video-preview:-1\" \/>\n<link rel=\"canonical\" href=\"https:\/\/drums-cool.de\/?page_id=3\" \/>\n<meta property=\"og:locale\" content=\"de_DE\" \/>\n<meta property=\"og:type\" content=\"article\" \/>\n<meta property=\"og:title\" content=\"Datenschutzerkl\u00e4rung -\" \/>\n<meta property=\"og:description\" content=\"Impressum und Haftungsausschluss Angaben gem\u00e4\u00df Paragraph f\u00fcnf TMGDiensteanbieter:Konrad PoschenriederSchlagzeugschuleWippenhauser Stra\u00dfe 4085402 KranzbergKontaktm\u00f6glichkeitenTelefon +4915150118316 E-Mail: Drums-cool@web.dehttps:\/\/www.drums-cool.de.Angaben zum UnternehmenUmsatzsteuer Identifikationsnummer, UST-ID 215\/259\/21052Social Media und andere online Pr\u00e4senzenderzeit noch keine Social Media und andere online online Pr\u00e4senzen vorhanden.Haftung&hellip; Datenschutzerkl\u00e4rung weiterlesen\" \/>\n<meta property=\"og:url\" content=\"https:\/\/drums-cool.de\/?page_id=3\" \/>\n<meta property=\"article:modified_time\" content=\"2024-04-20T14:03:26+00:00\" \/>\n<meta name=\"twitter:card\" content=\"summary_large_image\" \/>\n<meta name=\"twitter:label1\" content=\"Gesch\u00e4tzte Lesezeit\" \/>\n\t<meta name=\"twitter:data1\" content=\"1\u00a0Minute\" \/>\n<script type=\"application\/ld+json\" class=\"yoast-schema-graph\">{\"@context\":\"https:\/\/schema.org\",\"@graph\":[{\"@type\":\"WebPage\",\"@id\":\"https:\/\/drums-cool.de\/?page_id=3\",\"url\":\"https:\/\/drums-cool.de\/?page_id=3\",\"name\":\"Datenschutzerkl\u00e4rung -\",\"isPartOf\":{\"@id\":\"https:\/\/drums-cool.de\/#website\"},\"datePublished\":\"2023-08-24T07:45:53+00:00\",\"dateModified\":\"2024-04-20T14:03:26+00:00\",\"breadcrumb\":{\"@id\":\"https:\/\/drums-cool.de\/?page_id=3#breadcrumb\"},\"inLanguage\":\"de\",\"potentialAction\":[{\"@type\":\"ReadAction\",\"target\":[\"https:\/\/drums-cool.de\/?page_id=3\"]}]},{\"@type\":\"BreadcrumbList\",\"@id\":\"https:\/\/drums-cool.de\/?page_id=3#breadcrumb\",\"itemListElement\":[{\"@type\":\"ListItem\",\"position\":1,\"name\":\"Startseite\",\"item\":\"https:\/\/drums-cool.de\/\"},{\"@type\":\"ListItem\",\"position\":2,\"name\":\"Datenschutzerkl\u00e4rung\"}]},{\"@type\":\"WebSite\",\"@id\":\"https:\/\/drums-cool.de\/#website\",\"url\":\"https:\/\/drums-cool.de\/\",\"name\":\"DRUMS-COOL\",\"description\":\"Schlagzeugschule und Kaufberatung\",\"potentialAction\":[{\"@type\":\"SearchAction\",\"target\":{\"@type\":\"EntryPoint\",\"urlTemplate\":\"https:\/\/drums-cool.de\/?s={search_term_string}\"},\"query-input\":{\"@type\":\"PropertyValueSpecification\",\"valueRequired\":true,\"valueName\":\"search_term_string\"}}],\"inLanguage\":\"de\"}]}<\/script>\n<!-- \/ Yoast SEO plugin. -->","yoast_head_json":{"title":"Datenschutzerkl\u00e4rung -","robots":{"index":"index","follow":"follow","max-snippet":"max-snippet:-1","max-image-preview":"max-image-preview:large","max-video-preview":"max-video-preview:-1"},"canonical":"https:\/\/drums-cool.de\/?page_id=3","og_locale":"de_DE","og_type":"article","og_title":"Datenschutzerkl\u00e4rung -","og_description":"Impressum und Haftungsausschluss Angaben gem\u00e4\u00df Paragraph f\u00fcnf TMGDiensteanbieter:Konrad PoschenriederSchlagzeugschuleWippenhauser Stra\u00dfe 4085402 KranzbergKontaktm\u00f6glichkeitenTelefon +4915150118316 E-Mail: Drums-cool@web.dehttps:\/\/www.drums-cool.de.Angaben zum UnternehmenUmsatzsteuer Identifikationsnummer, UST-ID 215\/259\/21052Social Media und andere online Pr\u00e4senzenderzeit noch keine Social Media und andere online online Pr\u00e4senzen vorhanden.Haftung&hellip; Datenschutzerkl\u00e4rung weiterlesen","og_url":"https:\/\/drums-cool.de\/?page_id=3","article_modified_time":"2024-04-20T14:03:26+00:00","twitter_card":"summary_large_image","twitter_misc":{"Gesch\u00e4tzte Lesezeit":"1\u00a0Minute"},"schema":{"@context":"https:\/\/schema.org","@graph":[{"@type":"WebPage","@id":"https:\/\/drums-cool.de\/?page_id=3","url":"https:\/\/drums-cool.de\/?page_id=3","name":"Datenschutzerkl\u00e4rung -","isPartOf":{"@id":"https:\/\/drums-cool.de\/#website"},"datePublished":"2023-08-24T07:45:53+00:00","dateModified":"2024-04-20T14:03:26+00:00","breadcrumb":{"@id":"https:\/\/drums-cool.de\/?page_id=3#breadcrumb"},"inLanguage":"de","potentialAction":[{"@type":"ReadAction","target":["https:\/\/drums-cool.de\/?page_id=3"]}]},{"@type":"BreadcrumbList","@id":"https:\/\/drums-cool.de\/?page_id=3#breadcrumb","itemListElement":[{"@type":"ListItem","position":1,"name":"Startseite","item":"https:\/\/drums-cool.de\/"},{"@type":"ListItem","position":2,"name":"Datenschutzerkl\u00e4rung"}]},{"@type":"WebSite","@id":"https:\/\/drums-cool.de\/#website","url":"https:\/\/drums-cool.de\/","name":"DRUMS-COOL","description":"Schlagzeugschule und Kaufberatung","potentialAction":[{"@type":"SearchAction","target":{"@type":"EntryPoint","urlTemplate":"https:\/\/drums-cool.de\/?s={search_term_string}"},"query-input":{"@type":"PropertyValueSpecification","valueRequired":true,"valueName":"search_term_string"}}],"inLanguage":"de"}]}},"_links":{"self":[{"href":"https:\/\/drums-cool.de\/index.php?rest_route=\/wp\/v2\/pages\/3","targetHints":{"allow":["GET"]}}],"collection":[{"href":"https:\/\/drums-cool.de\/index.php?rest_route=\/wp\/v2\/pages"}],"about":[{"href":"https:\/\/drums-cool.de\/index.php?rest_route=\/wp\/v2\/types\/page"}],"author":[{"embeddable":true,"href":"https:\/\/drums-cool.de\/index.php?rest_route=\/wp\/v2\/users\/1"}],"replies":[{"embeddable":true,"href":"https:\/\/drums-cool.de\/index.php?rest_route=%2Fwp%2Fv2%2Fcomments&post=3"}],"version-history":[{"count":3,"href":"https:\/\/drums-cool.de\/index.php?rest_route=\/wp\/v2\/pages\/3\/revisions"}],"predecessor-version":[{"id":275,"href":"https:\/\/drums-cool.de\/index.php?rest_route=\/wp\/v2\/pages\/3\/revisions\/275"}],"wp:attachment":[{"href":"https:\/\/drums-cool.de\/index.php?rest_route=%2Fwp%2Fv2%2Fmedia&parent=3"}],"curies":[{"name":"wp","href":"https:\/\/api.w.org\/{rel}","templated":true}]}}