{"id":169,"date":"2024-03-16T22:42:22","date_gmt":"2024-03-16T22:42:22","guid":{"rendered":"https:\/\/drums-cool.de\/?page_id=169"},"modified":"2024-04-20T14:01:16","modified_gmt":"2024-04-20T14:01:16","slug":"homepage","status":"publish","type":"page","link":"https:\/\/drums-cool.de\/?page_id=169","title":{"rendered":"Drums-Cool"},"content":{"rendered":"\n<div class=\"wp-block-media-text alignwide is-stacked-on-mobile is-vertically-aligned-top\"><figure class=\"wp-block-media-text__media\"><img loading=\"lazy\" decoding=\"async\" width=\"1024\" height=\"683\" src=\"https:\/\/drums-cool.de\/wp-content\/uploads\/2024\/03\/44K0729-1024x683.gif\" alt=\"\" class=\"wp-image-205 size-full\" srcset=\"https:\/\/drums-cool.de\/wp-content\/uploads\/2024\/03\/44K0729-1024x683.gif 1024w, https:\/\/drums-cool.de\/wp-content\/uploads\/2024\/03\/44K0729-300x200.gif 300w, https:\/\/drums-cool.de\/wp-content\/uploads\/2024\/03\/44K0729-768x512.gif 768w, https:\/\/drums-cool.de\/wp-content\/uploads\/2024\/03\/44K0729-1536x1024.gif 1536w\" sizes=\"auto, (max-width: 1024px) 100vw, 1024px\" \/><\/figure><div class=\"wp-block-media-text__content\">\n<p class=\"has-deejay-purple-background-color has-background\"><strong>Meine Biografie<\/strong><\/p>\n\n\n\n<pre class=\"wp-block-preformatted\">Hallo,<br><br>ich bin Konrad Poschenrieder.<br><br>Das Schlagzeug mit seiner Kraft und seinem durchdringenden Sound war schon immer das Instrument, dass mich am meisten beeindruckt hat.<br><br>Mein Vater war der Ansporn f\u00fcr mich irgendwann Schlagzeug spielen zu lernen. Angefangen habe ich als Sechzehnj\u00e4hriger also f\u00fcr einen Musiker sehr sp\u00e4t.<br>Nachdem ich kein Geld hatte, um mir einen Lehrer leisten zu k\u00f6nnen, habe ich mir diverse Techniken selbst beigebracht. Bis zu meinem 22. Lebensjahr spielte ich in diversen Sch\u00fcler- und Cover-Bands f\u00fcr ganz wenig Geld, oftmals auch umsonst.<br><br>Danach widme ich mich meinen eigentlichen Beruf, dem Gro\u00df- und Einzelhandelskaufmann, ohne dabei meine Liebe zur Musik zu verlieren und mein Ziel, irgendwann eine eigene Schlagzeugschule zu gr\u00fcnden.<br><br>Immer wieder spielte ich in diversen Band denn Live is live. Zus\u00e4tzlich besuchte ich auch professionellen Unterricht an verschiedenen privaten Musik- und Schlagzeugschulen durch den Besuch vieler Workshops bei folgenden angesehenen und erfolgreichen Drummern wie zum Beispiel Marc Schulmann, Simon Philips, Carola Grey, Walfredo Reyes jun, Gregg Bissonette, Dave Weckl, Pete York, Ian Paice und viele mehr.<br><br>Die Zeit war reif und ich erf\u00fcllte mir den Traum einer privaten Schlagzeugschule, um meine Erfahrung und mein Wissen an Schlagzeugsch\u00fcler weitergeben und perfektionieren zu k\u00f6nnen.<br><br><strong>2008<\/strong> Er\u00f6ffnung der Schlagzeugschule Drums School in Heimstetten<br><strong>2014<\/strong> Schlie\u00dfung wegen fehlender R\u00e4umlichkeiten. <br>Seit <strong>2014<\/strong> widme ich mich diversen Projekten und Bands.<br><strong>2014<\/strong> Einstieg in die Band Last Shirts um Harald N\u00f6th und Hubertus Hagemeyer<br><strong>2015<\/strong> Projekt 21 Musiker f\u00fcr eine gro\u00dfe Wohlt\u00e4tigkeitsveranstaltung<br><strong>2016<\/strong> Umbenennung der Band Last Shirts in Read-Tea-Leaves<br><strong>2016<\/strong> Einstieg in die Band Nameless Road, mit einem Teil der Mitglieder von Projekt 21  <strong>2019<\/strong> Ausstieg aus Nameless Road<br><strong>2020 bis 2022<\/strong> Stillstand aller musikalischen T\u00e4tigkeiten aufgrund von Corona<br><strong>2023<\/strong> Anmietungsplanung und Umbau der neuen R\u00e4umlichkeiten f\u00fcr die neue Schlagzeugschule in Kranzberg-Thalhausen<br><strong>2023<\/strong> im September der Bezug und offizielle Wieder\u00f6ffnung der Schlagzeugschule, <mark style=\"background-color:#4ac6c9\" class=\"has-inline-color has-deejay-purple-color\">Drums-Cool<\/mark> unter dem bekannten Namen. Trotz weiterer Umbauma\u00dfnahmen wird der Schulbetrieb aufrecht erhalten.<br><br>Euerer Konrad Poschenrieder<br><\/pre>\n<\/div><\/div>\n","protected":false},"excerpt":{"rendered":"<p>Meine Biografie Hallo,ich bin Konrad Poschenrieder.Das Schlagzeug mit seiner Kraft und seinem durchdringenden Sound war schon immer das Instrument, dass mich am meisten beeindruckt hat.Mein Vater war der Ansporn f\u00fcr mich irgendwann Schlagzeug spielen zu&hellip; <\/p>\n<p><a class=\"more-link\" href=\"https:\/\/drums-cool.de\/?page_id=169\">Drums-Cool weiterlesen<\/a><\/p>\n","protected":false},"author":1,"featured_media":0,"parent":0,"menu_order":0,"comment_status":"closed","ping_status":"closed","template":"","meta":{"footnotes":""},"class_list":["post-169","page","type-page","status-publish","hentry"],"yoast_head":"<!-- This site is optimized with the Yoast SEO plugin v23.4 - https:\/\/yoast.com\/wordpress\/plugins\/seo\/ -->\n<title>Drums-Cool -<\/title>\n<meta name=\"robots\" content=\"index, follow, max-snippet:-1, max-image-preview:large, max-video-preview:-1\" \/>\n<link rel=\"canonical\" href=\"https:\/\/drums-cool.de\/?page_id=169\" \/>\n<meta property=\"og:locale\" content=\"de_DE\" \/>\n<meta property=\"og:type\" content=\"article\" \/>\n<meta property=\"og:title\" content=\"Drums-Cool -\" \/>\n<meta property=\"og:description\" content=\"Meine Biografie Hallo,ich bin Konrad Poschenrieder.Das Schlagzeug mit seiner Kraft und seinem durchdringenden Sound war schon immer das Instrument, dass mich am meisten beeindruckt hat.Mein Vater war der Ansporn f\u00fcr mich irgendwann Schlagzeug spielen zu&hellip; Drums-Cool weiterlesen\" \/>\n<meta property=\"og:url\" content=\"https:\/\/drums-cool.de\/?page_id=169\" \/>\n<meta property=\"article:modified_time\" content=\"2024-04-20T14:01:16+00:00\" \/>\n<meta property=\"og:image\" content=\"https:\/\/drums-cool.de\/wp-content\/uploads\/2024\/03\/44K0729-1024x683.gif\" \/>\n<meta name=\"twitter:card\" content=\"summary_large_image\" \/>\n<meta name=\"twitter:label1\" content=\"Gesch\u00e4tzte Lesezeit\" \/>\n\t<meta name=\"twitter:data1\" content=\"2\u00a0Minuten\" \/>\n<script type=\"application\/ld+json\" class=\"yoast-schema-graph\">{\"@context\":\"https:\/\/schema.org\",\"@graph\":[{\"@type\":\"WebPage\",\"@id\":\"https:\/\/drums-cool.de\/?page_id=169\",\"url\":\"https:\/\/drums-cool.de\/?page_id=169\",\"name\":\"Drums-Cool -\",\"isPartOf\":{\"@id\":\"https:\/\/drums-cool.de\/#website\"},\"primaryImageOfPage\":{\"@id\":\"https:\/\/drums-cool.de\/?page_id=169#primaryimage\"},\"image\":{\"@id\":\"https:\/\/drums-cool.de\/?page_id=169#primaryimage\"},\"thumbnailUrl\":\"https:\/\/drums-cool.de\/wp-content\/uploads\/2024\/03\/44K0729-1024x683.gif\",\"datePublished\":\"2024-03-16T22:42:22+00:00\",\"dateModified\":\"2024-04-20T14:01:16+00:00\",\"breadcrumb\":{\"@id\":\"https:\/\/drums-cool.de\/?page_id=169#breadcrumb\"},\"inLanguage\":\"de\",\"potentialAction\":[{\"@type\":\"ReadAction\",\"target\":[\"https:\/\/drums-cool.de\/?page_id=169\"]}]},{\"@type\":\"ImageObject\",\"inLanguage\":\"de\",\"@id\":\"https:\/\/drums-cool.de\/?page_id=169#primaryimage\",\"url\":\"https:\/\/drums-cool.de\/wp-content\/uploads\/2024\/03\/44K0729.gif\",\"contentUrl\":\"https:\/\/drums-cool.de\/wp-content\/uploads\/2024\/03\/44K0729.gif\",\"width\":1944,\"height\":1296},{\"@type\":\"BreadcrumbList\",\"@id\":\"https:\/\/drums-cool.de\/?page_id=169#breadcrumb\",\"itemListElement\":[{\"@type\":\"ListItem\",\"position\":1,\"name\":\"Startseite\",\"item\":\"https:\/\/drums-cool.de\/\"},{\"@type\":\"ListItem\",\"position\":2,\"name\":\"Drums-Cool\"}]},{\"@type\":\"WebSite\",\"@id\":\"https:\/\/drums-cool.de\/#website\",\"url\":\"https:\/\/drums-cool.de\/\",\"name\":\"DRUMS-COOL\",\"description\":\"Schlagzeugschule und Kaufberatung\",\"potentialAction\":[{\"@type\":\"SearchAction\",\"target\":{\"@type\":\"EntryPoint\",\"urlTemplate\":\"https:\/\/drums-cool.de\/?s={search_term_string}\"},\"query-input\":{\"@type\":\"PropertyValueSpecification\",\"valueRequired\":true,\"valueName\":\"search_term_string\"}}],\"inLanguage\":\"de\"}]}<\/script>\n<!-- \/ Yoast SEO plugin. -->","yoast_head_json":{"title":"Drums-Cool -","robots":{"index":"index","follow":"follow","max-snippet":"max-snippet:-1","max-image-preview":"max-image-preview:large","max-video-preview":"max-video-preview:-1"},"canonical":"https:\/\/drums-cool.de\/?page_id=169","og_locale":"de_DE","og_type":"article","og_title":"Drums-Cool -","og_description":"Meine Biografie Hallo,ich bin Konrad Poschenrieder.Das Schlagzeug mit seiner Kraft und seinem durchdringenden Sound war schon immer das Instrument, dass mich am meisten beeindruckt hat.Mein Vater war der Ansporn f\u00fcr mich irgendwann Schlagzeug spielen zu&hellip; Drums-Cool weiterlesen","og_url":"https:\/\/drums-cool.de\/?page_id=169","article_modified_time":"2024-04-20T14:01:16+00:00","og_image":[{"url":"https:\/\/drums-cool.de\/wp-content\/uploads\/2024\/03\/44K0729-1024x683.gif"}],"twitter_card":"summary_large_image","twitter_misc":{"Gesch\u00e4tzte Lesezeit":"2\u00a0Minuten"},"schema":{"@context":"https:\/\/schema.org","@graph":[{"@type":"WebPage","@id":"https:\/\/drums-cool.de\/?page_id=169","url":"https:\/\/drums-cool.de\/?page_id=169","name":"Drums-Cool -","isPartOf":{"@id":"https:\/\/drums-cool.de\/#website"},"primaryImageOfPage":{"@id":"https:\/\/drums-cool.de\/?page_id=169#primaryimage"},"image":{"@id":"https:\/\/drums-cool.de\/?page_id=169#primaryimage"},"thumbnailUrl":"https:\/\/drums-cool.de\/wp-content\/uploads\/2024\/03\/44K0729-1024x683.gif","datePublished":"2024-03-16T22:42:22+00:00","dateModified":"2024-04-20T14:01:16+00:00","breadcrumb":{"@id":"https:\/\/drums-cool.de\/?page_id=169#breadcrumb"},"inLanguage":"de","potentialAction":[{"@type":"ReadAction","target":["https:\/\/drums-cool.de\/?page_id=169"]}]},{"@type":"ImageObject","inLanguage":"de","@id":"https:\/\/drums-cool.de\/?page_id=169#primaryimage","url":"https:\/\/drums-cool.de\/wp-content\/uploads\/2024\/03\/44K0729.gif","contentUrl":"https:\/\/drums-cool.de\/wp-content\/uploads\/2024\/03\/44K0729.gif","width":1944,"height":1296},{"@type":"BreadcrumbList","@id":"https:\/\/drums-cool.de\/?page_id=169#breadcrumb","itemListElement":[{"@type":"ListItem","position":1,"name":"Startseite","item":"https:\/\/drums-cool.de\/"},{"@type":"ListItem","position":2,"name":"Drums-Cool"}]},{"@type":"WebSite","@id":"https:\/\/drums-cool.de\/#website","url":"https:\/\/drums-cool.de\/","name":"DRUMS-COOL","description":"Schlagzeugschule und Kaufberatung","potentialAction":[{"@type":"SearchAction","target":{"@type":"EntryPoint","urlTemplate":"https:\/\/drums-cool.de\/?s={search_term_string}"},"query-input":{"@type":"PropertyValueSpecification","valueRequired":true,"valueName":"search_term_string"}}],"inLanguage":"de"}]}},"_links":{"self":[{"href":"https:\/\/drums-cool.de\/index.php?rest_route=\/wp\/v2\/pages\/169","targetHints":{"allow":["GET"]}}],"collection":[{"href":"https:\/\/drums-cool.de\/index.php?rest_route=\/wp\/v2\/pages"}],"about":[{"href":"https:\/\/drums-cool.de\/index.php?rest_route=\/wp\/v2\/types\/page"}],"author":[{"embeddable":true,"href":"https:\/\/drums-cool.de\/index.php?rest_route=\/wp\/v2\/users\/1"}],"replies":[{"embeddable":true,"href":"https:\/\/drums-cool.de\/index.php?rest_route=%2Fwp%2Fv2%2Fcomments&post=169"}],"version-history":[{"count":14,"href":"https:\/\/drums-cool.de\/index.php?rest_route=\/wp\/v2\/pages\/169\/revisions"}],"predecessor-version":[{"id":274,"href":"https:\/\/drums-cool.de\/index.php?rest_route=\/wp\/v2\/pages\/169\/revisions\/274"}],"wp:attachment":[{"href":"https:\/\/drums-cool.de\/index.php?rest_route=%2Fwp%2Fv2%2Fmedia&parent=169"}],"curies":[{"name":"wp","href":"https:\/\/api.w.org\/{rel}","templated":true}]}}